{"id":2153,"date":"2022-02-08T01:54:01","date_gmt":"2022-02-08T01:54:01","guid":{"rendered":"https:\/\/maresia.mx\/mayakoba\/"},"modified":"2023-11-02T19:04:53","modified_gmt":"2023-11-02T19:04:53","slug":"mayakoba-country-club","status":"publish","type":"page","link":"http:\/\/maresia.mx\/en\/mayakoba-country-club\/","title":{"rendered":"Mayakoba Country Club"},"content":{"rendered":"\t\t<div data-elementor-type=\"wp-page\" data-elementor-id=\"2153\" class=\"elementor elementor-2153\" data-elementor-post-type=\"page\">\n\t\t\t\t\t\t<section class=\"elementor-section elementor-top-section elementor-element elementor-element-e568213 elementor-section-full_width elementor-section-height-default elementor-section-height-default\" data-id=\"e568213\" data-element_type=\"section\" data-e-type=\"section\">\n\t\t\t\t\t\t<div class=\"elementor-container elementor-column-gap-default\">\n\t\t\t\t\t<div class=\"elementor-column elementor-col-100 elementor-top-column elementor-element elementor-element-79e5441 cuerpo\" data-id=\"79e5441\" data-element_type=\"column\" data-e-type=\"column\" data-settings=\"{&quot;background_background&quot;:&quot;classic&quot;}\">\n\t\t\t<div class=\"elementor-widget-wrap elementor-element-populated\">\n\t\t\t\t\t\t<div class=\"elementor-element elementor-element-ef81041 elementor--h-position-center elementor--v-position-middle elementor-pagination-position-inside elementor-widget elementor-widget-slides\" data-id=\"ef81041\" data-element_type=\"widget\" data-e-type=\"widget\" data-settings=\"{&quot;navigation&quot;:&quot;dots&quot;,&quot;transition_speed&quot;:800,&quot;autoplay&quot;:&quot;yes&quot;,&quot;autoplay_speed&quot;:5000,&quot;infinite&quot;:&quot;yes&quot;,&quot;transition&quot;:&quot;slide&quot;}\" data-widget_type=\"slides.default\">\n\t\t\t\t<div class=\"elementor-widget-container\">\n\t\t\t\t\t\t\t\t\t<div class=\"elementor-swiper\">\n\t\t\t\t\t<div class=\"elementor-slides-wrapper elementor-main-swiper swiper\" role=\"region\" aria-roledescription=\"carousel\" aria-label=\"Slides\" dir=\"ltr\" data-animation=\"fadeInUp\">\n\t\t\t\t<div class=\"swiper-wrapper elementor-slides\">\n\t\t\t\t\t\t\t\t\t\t<div class=\"elementor-repeater-item-b62427c swiper-slide\" role=\"group\" aria-roledescription=\"slide\"><div class=\"swiper-slide-bg elementor-ken-burns elementor-ken-burns--in\" role=\"img\" aria-label=\"Mayakoba\"><\/div><div class=\"elementor-background-overlay\"><\/div><div class=\"swiper-slide-inner\" ><div class=\"swiper-slide-contents\"><div class=\"elementor-slide-heading\">MARESIA | Mayakoba Country Club<\/div><\/div><\/div><\/div>\t\t\t\t<\/div>\n\t\t\t\t\t\t\t<\/div>\n\t\t\t\t<\/div>\n\t\t\t\t\t\t\t\t<\/div>\n\t\t\t\t<\/div>\n\t\t\t\t\t<\/div>\n\t\t<\/div>\n\t\t\t\t\t<\/div>\n\t\t<\/section>\n\t\t\t\t<section class=\"elementor-section elementor-top-section elementor-element elementor-element-77102a0 elementor-section-full_width elementor-section-height-min-height elementor-section-items-stretch elementor-section-content-middle elementor-reverse-mobile elementor-section-height-default\" data-id=\"77102a0\" data-element_type=\"section\" data-e-type=\"section\">\n\t\t\t\t\t\t<div class=\"elementor-container elementor-column-gap-no\">\n\t\t\t\t\t<div class=\"elementor-column elementor-col-50 elementor-top-column elementor-element elementor-element-b82b2de\" data-id=\"b82b2de\" data-element_type=\"column\" data-e-type=\"column\" data-settings=\"{&quot;background_background&quot;:&quot;classic&quot;,&quot;background_motion_fx_motion_fx_scrolling&quot;:&quot;yes&quot;,&quot;background_motion_fx_scale_effect&quot;:&quot;yes&quot;,&quot;background_motion_fx_scale_direction&quot;:&quot;in-out&quot;,&quot;background_motion_fx_scale_speed&quot;:{&quot;unit&quot;:&quot;px&quot;,&quot;size&quot;:4,&quot;sizes&quot;:[]},&quot;background_motion_fx_scale_range&quot;:{&quot;unit&quot;:&quot;%&quot;,&quot;size&quot;:&quot;&quot;,&quot;sizes&quot;:{&quot;start&quot;:20,&quot;end&quot;:80}},&quot;background_motion_fx_devices&quot;:[&quot;desktop&quot;,&quot;tablet&quot;,&quot;mobile&quot;]}\">\n\t\t\t<div class=\"elementor-widget-wrap elementor-element-populated\">\n\t\t\t\t\t\t<div class=\"elementor-element elementor-element-f93df66 elementor-widget elementor-widget-spacer\" data-id=\"f93df66\" data-element_type=\"widget\" data-e-type=\"widget\" data-widget_type=\"spacer.default\">\n\t\t\t\t<div class=\"elementor-widget-container\">\n\t\t\t\t\t\t\t<div class=\"elementor-spacer\">\n\t\t\t<div class=\"elementor-spacer-inner\"><\/div>\n\t\t<\/div>\n\t\t\t\t\t\t<\/div>\n\t\t\t\t<\/div>\n\t\t\t\t\t<\/div>\n\t\t<\/div>\n\t\t\t\t<div class=\"elementor-column elementor-col-50 elementor-top-column elementor-element elementor-element-25715ac\" data-id=\"25715ac\" data-element_type=\"column\" data-e-type=\"column\">\n\t\t\t<div class=\"elementor-widget-wrap elementor-element-populated\">\n\t\t\t\t\t\t<div class=\"elementor-element elementor-element-a95dfce elementor-position-inline-start elementor-view-default elementor-mobile-position-block-start elementor-widget elementor-widget-icon-box\" data-id=\"a95dfce\" data-element_type=\"widget\" data-e-type=\"widget\" data-widget_type=\"icon-box.default\">\n\t\t\t\t<div class=\"elementor-widget-container\">\n\t\t\t\t\t\t\t<div class=\"elementor-icon-box-wrapper\">\n\n\t\t\t\t\t\t<div class=\"elementor-icon-box-icon\">\n\t\t\t\t<span  class=\"elementor-icon\">\n\t\t\t\t<svg aria-hidden=\"true\" class=\"e-font-icon-svg e-fas-circle\" viewBox=\"0 0 512 512\" xmlns=\"http:\/\/www.w3.org\/2000\/svg\"><path d=\"M256 8C119 8 8 119 8 256s111 248 248 248 248-111 248-248S393 8 256 8z\"><\/path><\/svg>\t\t\t\t<\/span>\n\t\t\t<\/div>\n\t\t\t\n\t\t\t\t\t\t<div class=\"elementor-icon-box-content\">\n\n\t\t\t\t\t\t\t\t\t<h5 class=\"elementor-icon-box-title\">\n\t\t\t\t\t\t<span  >\n\t\t\t\t\t\t\tLa vida que so\u00f1aste\t\t\t\t\t\t<\/span>\n\t\t\t\t\t<\/h5>\n\t\t\t\t\n\t\t\t\t\n\t\t\t<\/div>\n\t\t\t\n\t\t<\/div>\n\t\t\t\t\t\t<\/div>\n\t\t\t\t<\/div>\n\t\t\t\t<div class=\"elementor-element elementor-element-5e2607a elementor-widget elementor-widget-heading\" data-id=\"5e2607a\" data-element_type=\"widget\" data-e-type=\"widget\" data-widget_type=\"heading.default\">\n\t\t\t\t<div class=\"elementor-widget-container\">\n\t\t\t\t\t<h3 class=\"elementor-heading-title elementor-size-default\">Mayakoba Country Club, el coraz\u00f3n del Caribe mexicano.<\/h3>\t\t\t\t<\/div>\n\t\t\t\t<\/div>\n\t\t\t\t<div class=\"elementor-element elementor-element-9d4ca0d elementor-widget elementor-widget-text-editor\" data-id=\"9d4ca0d\" data-element_type=\"widget\" data-e-type=\"widget\" data-widget_type=\"text-editor.default\">\n\t\t\t\t<div class=\"elementor-widget-container\">\n\t\t\t\t\t\t\t\t\t<p>260 hect\u00e1reas conforman el escenario ideal para una exclusiva comunidad en desarrollo. Mayakoba Country Club es el espacio residencial de Mayakoba que ofrece el equilibrio perfecto entre el lujo y la comodidad. Maresia es la primera torre de departamentos del master plan que proyecta en su dise\u00f1o una integraci\u00f3n de la arquitectura y la naturaleza sin precedentes en Riviera Maya. Por su ubicaci\u00f3n, naturaleza y nivel de detalle, Mayakoba Country Club es la oportunidad de inversi\u00f3n m\u00e1s rentable para aquellos que buscan hacer lo que aman de la manera m\u00e1s eficiente<\/p>\t\t\t\t\t\t\t\t<\/div>\n\t\t\t\t<\/div>\n\t\t\t\t\t<\/div>\n\t\t<\/div>\n\t\t\t\t\t<\/div>\n\t\t<\/section>\n\t\t\t\t<section class=\"elementor-section elementor-top-section elementor-element elementor-element-e5eff62 elementor-section-full_width elementor-section-height-min-height elementor-section-items-stretch elementor-section-content-middle elementor-section-height-default\" data-id=\"e5eff62\" data-element_type=\"section\" data-e-type=\"section\">\n\t\t\t\t\t\t<div class=\"elementor-container elementor-column-gap-no\">\n\t\t\t\t\t<div class=\"elementor-column elementor-col-50 elementor-top-column elementor-element elementor-element-778f0ad\" data-id=\"778f0ad\" data-element_type=\"column\" data-e-type=\"column\">\n\t\t\t<div class=\"elementor-widget-wrap elementor-element-populated\">\n\t\t\t\t\t\t<div class=\"elementor-element elementor-element-a15b4f4 elementor-position-inline-start elementor-view-default elementor-mobile-position-block-start elementor-widget elementor-widget-icon-box\" data-id=\"a15b4f4\" data-element_type=\"widget\" data-e-type=\"widget\" data-widget_type=\"icon-box.default\">\n\t\t\t\t<div class=\"elementor-widget-container\">\n\t\t\t\t\t\t\t<div class=\"elementor-icon-box-wrapper\">\n\n\t\t\t\t\t\t<div class=\"elementor-icon-box-icon\">\n\t\t\t\t<span  class=\"elementor-icon\">\n\t\t\t\t<svg aria-hidden=\"true\" class=\"e-font-icon-svg e-fas-circle\" viewBox=\"0 0 512 512\" xmlns=\"http:\/\/www.w3.org\/2000\/svg\"><path d=\"M256 8C119 8 8 119 8 256s111 248 248 248 248-111 248-248S393 8 256 8z\"><\/path><\/svg>\t\t\t\t<\/span>\n\t\t\t<\/div>\n\t\t\t\n\t\t\t\t\t\t<div class=\"elementor-icon-box-content\">\n\n\t\t\t\t\t\t\t\t\t<h5 class=\"elementor-icon-box-title\">\n\t\t\t\t\t\t<span  >\n\t\t\t\t\t\t\tComodidad a pasos del mar\t\t\t\t\t\t<\/span>\n\t\t\t\t\t<\/h5>\n\t\t\t\t\n\t\t\t\t\n\t\t\t<\/div>\n\t\t\t\n\t\t<\/div>\n\t\t\t\t\t\t<\/div>\n\t\t\t\t<\/div>\n\t\t\t\t<div class=\"elementor-element elementor-element-01b2f3a elementor-widget elementor-widget-heading\" data-id=\"01b2f3a\" data-element_type=\"widget\" data-e-type=\"widget\" data-widget_type=\"heading.default\">\n\t\t\t\t<div class=\"elementor-widget-container\">\n\t\t\t\t\t<h3 class=\"elementor-heading-title elementor-size-default\">Ubicados sobre carretera federal a solo 35 minutos del aeropuerto de Canc\u00fan y 5 minutos de Playa del Carmen<\/h3>\t\t\t\t<\/div>\n\t\t\t\t<\/div>\n\t\t\t\t\t<\/div>\n\t\t<\/div>\n\t\t\t\t<div class=\"elementor-column elementor-col-50 elementor-top-column elementor-element elementor-element-6cf6002\" data-id=\"6cf6002\" data-element_type=\"column\" data-e-type=\"column\" data-settings=\"{&quot;background_background&quot;:&quot;classic&quot;,&quot;background_motion_fx_motion_fx_scrolling&quot;:&quot;yes&quot;,&quot;background_motion_fx_scale_effect&quot;:&quot;yes&quot;,&quot;background_motion_fx_scale_direction&quot;:&quot;in-out&quot;,&quot;background_motion_fx_scale_speed&quot;:{&quot;unit&quot;:&quot;px&quot;,&quot;size&quot;:4,&quot;sizes&quot;:[]},&quot;background_motion_fx_scale_range&quot;:{&quot;unit&quot;:&quot;%&quot;,&quot;size&quot;:&quot;&quot;,&quot;sizes&quot;:{&quot;start&quot;:20,&quot;end&quot;:80}},&quot;background_motion_fx_devices&quot;:[&quot;desktop&quot;,&quot;tablet&quot;,&quot;mobile&quot;]}\">\n\t\t\t<div class=\"elementor-widget-wrap elementor-element-populated\">\n\t\t\t\t\t\t<div class=\"elementor-element elementor-element-75ba19f elementor-widget elementor-widget-spacer\" data-id=\"75ba19f\" data-element_type=\"widget\" data-e-type=\"widget\" data-widget_type=\"spacer.default\">\n\t\t\t\t<div class=\"elementor-widget-container\">\n\t\t\t\t\t\t\t<div class=\"elementor-spacer\">\n\t\t\t<div class=\"elementor-spacer-inner\"><\/div>\n\t\t<\/div>\n\t\t\t\t\t\t<\/div>\n\t\t\t\t<\/div>\n\t\t\t\t<div class=\"elementor-element elementor-element-97adee9 elementor-widget elementor-widget-google_maps\" data-id=\"97adee9\" data-element_type=\"widget\" data-e-type=\"widget\" data-widget_type=\"google_maps.default\">\n\t\t\t\t<div class=\"elementor-widget-container\">\n\t\t\t\t\t\t\t<div class=\"elementor-custom-embed\">\n\t\t\t<iframe loading=\"lazy\"\n\t\t\t\t\tsrc=\"https:\/\/maps.google.com\/maps?q=mayakoba%20country&#038;t=m&#038;z=15&#038;output=embed&#038;iwloc=near\"\n\t\t\t\t\ttitle=\"mayakoba country\"\n\t\t\t\t\taria-label=\"mayakoba country\"\n\t\t\t><\/iframe>\n\t\t<\/div>\n\t\t\t\t\t\t<\/div>\n\t\t\t\t<\/div>\n\t\t\t\t\t<\/div>\n\t\t<\/div>\n\t\t\t\t\t<\/div>\n\t\t<\/section>\n\t\t\t\t<\/div>\n\t\t","protected":false},"excerpt":{"rendered":"<p>MARESIA | Mayakoba Country Club La vida que so\u00f1aste Mayakoba Country Club, el coraz\u00f3n del Caribe mexicano. 260 hect\u00e1reas conforman el escenario ideal para una exclusiva comunidad en desarrollo. Mayakoba Country Club es el espacio residencial de Mayakoba que ofrece el equilibrio perfecto entre el lujo y la comodidad. Maresia es la primera torre de [&hellip;]<\/p>\n","protected":false},"author":1,"featured_media":0,"parent":0,"menu_order":0,"comment_status":"closed","ping_status":"closed","template":"elementor_header_footer","meta":{"footnotes":""},"class_list":["post-2153","page","type-page","status-publish","hentry"],"yoast_head":"<!-- This site is optimized with the Yoast SEO plugin v27.5 - https:\/\/yoast.com\/product\/yoast-seo-wordpress\/ -->\n<title>Mayakoba Country Club - Maresia<\/title>\n<meta name=\"description\" content=\"La primer torre de departamentos que proyecta en su dise\u00f1o una integraci\u00f3n de la arquitectura y la naturaleza sin precedentes en Riviera Maya.\" \/>\n<meta name=\"robots\" content=\"index, follow, max-snippet:-1, max-image-preview:large, max-video-preview:-1\" \/>\n<link rel=\"canonical\" href=\"https:\/\/maresia.mx\/en\/mayakoba-country-club\/\" \/>\n<meta property=\"og:locale\" content=\"en_US\" \/>\n<meta property=\"og:type\" content=\"article\" \/>\n<meta property=\"og:title\" content=\"Mayakoba Country Club - Maresia\" \/>\n<meta property=\"og:description\" content=\"La primer torre de departamentos que proyecta en su dise\u00f1o una integraci\u00f3n de la arquitectura y la naturaleza sin precedentes en Riviera Maya.\" \/>\n<meta property=\"og:url\" content=\"https:\/\/maresia.mx\/en\/mayakoba-country-club\/\" \/>\n<meta property=\"og:site_name\" content=\"Maresia\" \/>\n<meta property=\"article:modified_time\" content=\"2023-11-02T19:04:53+00:00\" \/>\n<meta name=\"twitter:card\" content=\"summary_large_image\" \/>\n<meta name=\"twitter:label1\" content=\"Est. reading time\" \/>\n\t<meta name=\"twitter:data1\" content=\"1 minute\" \/>\n<script type=\"application\/ld+json\" class=\"yoast-schema-graph\">{\"@context\":\"https:\\\/\\\/schema.org\",\"@graph\":[{\"@type\":\"WebPage\",\"@id\":\"https:\\\/\\\/maresia.mx\\\/mayakoba-country-club\\\/\",\"url\":\"https:\\\/\\\/maresia.mx\\\/mayakoba-country-club\\\/\",\"name\":\"Mayakoba Country Club - Maresia\",\"isPartOf\":{\"@id\":\"https:\\\/\\\/maresia.mx\\\/#website\"},\"datePublished\":\"2022-02-08T01:54:01+00:00\",\"dateModified\":\"2023-11-02T19:04:53+00:00\",\"description\":\"La primer torre de departamentos que proyecta en su dise\u00f1o una integraci\u00f3n de la arquitectura y la naturaleza sin precedentes en Riviera Maya.\",\"breadcrumb\":{\"@id\":\"https:\\\/\\\/maresia.mx\\\/mayakoba-country-club\\\/#breadcrumb\"},\"inLanguage\":\"en-US\",\"potentialAction\":[{\"@type\":\"ReadAction\",\"target\":[\"https:\\\/\\\/maresia.mx\\\/mayakoba-country-club\\\/\"]}]},{\"@type\":\"BreadcrumbList\",\"@id\":\"https:\\\/\\\/maresia.mx\\\/mayakoba-country-club\\\/#breadcrumb\",\"itemListElement\":[{\"@type\":\"ListItem\",\"position\":1,\"name\":\"Portada\",\"item\":\"https:\\\/\\\/maresia.mx\\\/\"},{\"@type\":\"ListItem\",\"position\":2,\"name\":\"Mayakoba Country Club\"}]},{\"@type\":\"WebSite\",\"@id\":\"https:\\\/\\\/maresia.mx\\\/#website\",\"url\":\"https:\\\/\\\/maresia.mx\\\/\",\"name\":\"Maresia\",\"description\":\"Riviera Maya\",\"publisher\":{\"@id\":\"https:\\\/\\\/maresia.mx\\\/#organization\"},\"potentialAction\":[{\"@type\":\"SearchAction\",\"target\":{\"@type\":\"EntryPoint\",\"urlTemplate\":\"https:\\\/\\\/maresia.mx\\\/?s={search_term_string}\"},\"query-input\":{\"@type\":\"PropertyValueSpecification\",\"valueRequired\":true,\"valueName\":\"search_term_string\"}}],\"inLanguage\":\"en-US\"},{\"@type\":\"Organization\",\"@id\":\"https:\\\/\\\/maresia.mx\\\/#organization\",\"name\":\"Maresia\",\"url\":\"https:\\\/\\\/maresia.mx\\\/\",\"logo\":{\"@type\":\"ImageObject\",\"inLanguage\":\"en-US\",\"@id\":\"https:\\\/\\\/maresia.mx\\\/#\\\/schema\\\/logo\\\/image\\\/\",\"url\":\"https:\\\/\\\/maresia.mx\\\/wp-content\\\/uploads\\\/2022\\\/04\\\/maresialogo-1.png\",\"contentUrl\":\"https:\\\/\\\/maresia.mx\\\/wp-content\\\/uploads\\\/2022\\\/04\\\/maresialogo-1.png\",\"width\":212,\"height\":33,\"caption\":\"Maresia\"},\"image\":{\"@id\":\"https:\\\/\\\/maresia.mx\\\/#\\\/schema\\\/logo\\\/image\\\/\"}}]}<\/script>\n<!-- \/ Yoast SEO plugin. -->","yoast_head_json":{"title":"Mayakoba Country Club - Maresia","description":"La primer torre de departamentos que proyecta en su dise\u00f1o una integraci\u00f3n de la arquitectura y la naturaleza sin precedentes en Riviera Maya.","robots":{"index":"index","follow":"follow","max-snippet":"max-snippet:-1","max-image-preview":"max-image-preview:large","max-video-preview":"max-video-preview:-1"},"canonical":"https:\/\/maresia.mx\/en\/mayakoba-country-club\/","og_locale":"en_US","og_type":"article","og_title":"Mayakoba Country Club - Maresia","og_description":"La primer torre de departamentos que proyecta en su dise\u00f1o una integraci\u00f3n de la arquitectura y la naturaleza sin precedentes en Riviera Maya.","og_url":"https:\/\/maresia.mx\/en\/mayakoba-country-club\/","og_site_name":"Maresia","article_modified_time":"2023-11-02T19:04:53+00:00","twitter_card":"summary_large_image","twitter_misc":{"Est. reading time":"1 minute"},"schema":{"@context":"https:\/\/schema.org","@graph":[{"@type":"WebPage","@id":"https:\/\/maresia.mx\/mayakoba-country-club\/","url":"https:\/\/maresia.mx\/mayakoba-country-club\/","name":"Mayakoba Country Club - Maresia","isPartOf":{"@id":"https:\/\/maresia.mx\/#website"},"datePublished":"2022-02-08T01:54:01+00:00","dateModified":"2023-11-02T19:04:53+00:00","description":"La primer torre de departamentos que proyecta en su dise\u00f1o una integraci\u00f3n de la arquitectura y la naturaleza sin precedentes en Riviera Maya.","breadcrumb":{"@id":"https:\/\/maresia.mx\/mayakoba-country-club\/#breadcrumb"},"inLanguage":"en-US","potentialAction":[{"@type":"ReadAction","target":["https:\/\/maresia.mx\/mayakoba-country-club\/"]}]},{"@type":"BreadcrumbList","@id":"https:\/\/maresia.mx\/mayakoba-country-club\/#breadcrumb","itemListElement":[{"@type":"ListItem","position":1,"name":"Portada","item":"https:\/\/maresia.mx\/"},{"@type":"ListItem","position":2,"name":"Mayakoba Country Club"}]},{"@type":"WebSite","@id":"https:\/\/maresia.mx\/#website","url":"https:\/\/maresia.mx\/","name":"Maresia","description":"Riviera Maya","publisher":{"@id":"https:\/\/maresia.mx\/#organization"},"potentialAction":[{"@type":"SearchAction","target":{"@type":"EntryPoint","urlTemplate":"https:\/\/maresia.mx\/?s={search_term_string}"},"query-input":{"@type":"PropertyValueSpecification","valueRequired":true,"valueName":"search_term_string"}}],"inLanguage":"en-US"},{"@type":"Organization","@id":"https:\/\/maresia.mx\/#organization","name":"Maresia","url":"https:\/\/maresia.mx\/","logo":{"@type":"ImageObject","inLanguage":"en-US","@id":"https:\/\/maresia.mx\/#\/schema\/logo\/image\/","url":"https:\/\/maresia.mx\/wp-content\/uploads\/2022\/04\/maresialogo-1.png","contentUrl":"https:\/\/maresia.mx\/wp-content\/uploads\/2022\/04\/maresialogo-1.png","width":212,"height":33,"caption":"Maresia"},"image":{"@id":"https:\/\/maresia.mx\/#\/schema\/logo\/image\/"}}]}},"_links":{"self":[{"href":"http:\/\/maresia.mx\/en\/wp-json\/wp\/v2\/pages\/2153","targetHints":{"allow":["GET"]}}],"collection":[{"href":"http:\/\/maresia.mx\/en\/wp-json\/wp\/v2\/pages"}],"about":[{"href":"http:\/\/maresia.mx\/en\/wp-json\/wp\/v2\/types\/page"}],"author":[{"embeddable":true,"href":"http:\/\/maresia.mx\/en\/wp-json\/wp\/v2\/users\/1"}],"replies":[{"embeddable":true,"href":"http:\/\/maresia.mx\/en\/wp-json\/wp\/v2\/comments?post=2153"}],"version-history":[{"count":0,"href":"http:\/\/maresia.mx\/en\/wp-json\/wp\/v2\/pages\/2153\/revisions"}],"wp:attachment":[{"href":"http:\/\/maresia.mx\/en\/wp-json\/wp\/v2\/media?parent=2153"}],"curies":[{"name":"wp","href":"https:\/\/api.w.org\/{rel}","templated":true}]}}